{"id":123,"date":"2020-12-21T15:55:16","date_gmt":"2020-12-21T15:55:16","guid":{"rendered":"https:\/\/healingloveministries.com.willowbrooksecurity.com\/?page_id=123"},"modified":"2025-11-28T23:49:39","modified_gmt":"2025-11-28T23:49:39","slug":"ser-una-familia-sustituta","status":"publish","type":"page","link":"https:\/\/healingloveministries.com\/index.php\/ser-una-familia-sustituta\/","title":{"rendered":"Ser una Familia Temporal"},"content":{"rendered":"\n<p>Pasos a seguir para ser Familia Temporal:<\/p>\n\n\n\n<ol class=\"wp-block-list\">\n<li>Llenar nuestra aplicaci\u00f3n con sus datos<br>personales y referencias personales.<\/li>\n\n\n\n<li>HLM lleva acabo entrevista familiar<\/li>\n\n\n\n<li>Familia se somete a proceso de<br>Certificaci\u00f3n de CONAPINA; Programa \u201cVivir en<br>Familia\u201d-4 s\u00e1bados en Col. Costa Rica.<\/li>\n\n\n\n<li>Juez asigna un NNA a la Familia Certificada y<br>este es acogido en su hogar como un<br>miembro mas de la familia.<\/li>\n\n\n\n<li>HLM realiza estudio Socio-econ\u00f3mico<br>familiar, para apoyar a cubrir las<br>necesidades de educaci\u00f3n, salud,<br>alimentaci\u00f3n y consejer\u00eda del NNA.<\/li>\n\n\n\n<li>Padres Temporales identifican necesidades<br>espirituales y emocionales del NNA y HLM<br>brinda recursos de discipulado y<br>entrenamiento necesario.<\/li>\n\n\n\n<li>Familia Temporal sigue procedimientos de<br>Rendici\u00f3n de Cuentas por el apoyo de HLM,<br>incluyendo visitas familiares.<\/li>\n<\/ol>\n\n\n\n<div data-wp-interactive=\"core\/file\" class=\"wp-block-file\"><object data-wp-bind--hidden=\"!state.hasPdfPreview\" hidden class=\"wp-block-file__embed\" data=\"https:\/\/healingloveministries.com\/wp-content\/uploads\/2025\/11\/Aplicacion-Familia-temporal-Version-Jul2025.pdf\" type=\"application\/pdf\" style=\"width:100%;height:600px\" aria-label=\"Embed of Aplicacio\u0301n Familia temporal Versio\u0301n Jul2025.\"><\/object><a id=\"wp-block-file--media-80a70613-7603-4656-be47-f990f348d532\" href=\"https:\/\/healingloveministries.com\/wp-content\/uploads\/2025\/11\/Aplicacion-Familia-temporal-Version-Jul2025.pdf\">Aplicacio\u0301n Familia temporal Versio\u0301n Jul2025<\/a><a href=\"https:\/\/healingloveministries.com\/wp-content\/uploads\/2025\/11\/Aplicacion-Familia-temporal-Version-Jul2025.pdf\" class=\"wp-block-file__button wp-element-button\" download aria-describedby=\"wp-block-file--media-80a70613-7603-4656-be47-f990f348d532\">Download<\/a><\/div>\n\n\n\n<p>Llena la aplicaci\u00f3n y enviarla a Healingloveministries25@gmail.com . Si tienes preguntas llama a Diana al WhatsApp: +(503)7871-3758. Direcci\u00f3n: Residencial Villas de Francia I, Calle Burdeos, casa 5E, Sta. Tecla.<\/p>\n\n\n\n<p><\/p>\n\n\n","protected":false},"excerpt":{"rendered":"<p>Pasos a seguir para ser Familia Temporal: Llena la aplicaci\u00f3n y enviarla a Healingloveministries25@gmail.com . Si tienes preguntas llama a Diana al WhatsApp: +(503)7871-3758. Direcci\u00f3n: Residencial Villas de Francia I, Calle Burdeos, casa 5E, Sta. Tecla.<\/p>\n","protected":false},"author":1,"featured_media":0,"parent":0,"menu_order":0,"comment_status":"closed","ping_status":"closed","template":"","meta":{"footnotes":""},"class_list":["post-123","page","type-page","status-publish","hentry"],"_links":{"self":[{"href":"https:\/\/healingloveministries.com\/index.php\/wp-json\/wp\/v2\/pages\/123","targetHints":{"allow":["GET"]}}],"collection":[{"href":"https:\/\/healingloveministries.com\/index.php\/wp-json\/wp\/v2\/pages"}],"about":[{"href":"https:\/\/healingloveministries.com\/index.php\/wp-json\/wp\/v2\/types\/page"}],"author":[{"embeddable":true,"href":"https:\/\/healingloveministries.com\/index.php\/wp-json\/wp\/v2\/users\/1"}],"replies":[{"embeddable":true,"href":"https:\/\/healingloveministries.com\/index.php\/wp-json\/wp\/v2\/comments?post=123"}],"version-history":[{"count":4,"href":"https:\/\/healingloveministries.com\/index.php\/wp-json\/wp\/v2\/pages\/123\/revisions"}],"predecessor-version":[{"id":440,"href":"https:\/\/healingloveministries.com\/index.php\/wp-json\/wp\/v2\/pages\/123\/revisions\/440"}],"wp:attachment":[{"href":"https:\/\/healingloveministries.com\/index.php\/wp-json\/wp\/v2\/media?parent=123"}],"curies":[{"name":"wp","href":"https:\/\/api.w.org\/{rel}","templated":true}]}}