{"id":237,"date":"2021-06-14T14:13:41","date_gmt":"2021-06-14T14:13:41","guid":{"rendered":"https:\/\/healingloveministries.com\/?page_id=237"},"modified":"2025-11-29T17:16:12","modified_gmt":"2025-11-29T17:16:12","slug":"nuestras-familias-sustitutas","status":"publish","type":"page","link":"https:\/\/healingloveministries.com\/index.php\/nuestras-familias-sustitutas\/","title":{"rendered":"Nuestras Familias Temporales"},"content":{"rendered":"\n<h2 class=\"wp-block-heading\">La Familia Zepeda<\/h2>\n\n\n\n<figure class=\"wp-block-image size-large\"><img loading=\"lazy\" decoding=\"async\" width=\"768\" height=\"1024\" src=\"https:\/\/healingloveministries.com\/wp-content\/uploads\/2021\/06\/Zepeda-Family-768x1024.jpg\" alt=\"\" class=\"wp-image-234\" srcset=\"https:\/\/healingloveministries.com\/wp-content\/uploads\/2021\/06\/Zepeda-Family-768x1024.jpg 768w, https:\/\/healingloveministries.com\/wp-content\/uploads\/2021\/06\/Zepeda-Family-225x300.jpg 225w, https:\/\/healingloveministries.com\/wp-content\/uploads\/2021\/06\/Zepeda-Family-1152x1536.jpg 1152w, https:\/\/healingloveministries.com\/wp-content\/uploads\/2021\/06\/Zepeda-Family-1536x2048.jpg 1536w, https:\/\/healingloveministries.com\/wp-content\/uploads\/2021\/06\/Zepeda-Family-1200x1600.jpg 1200w, https:\/\/healingloveministries.com\/wp-content\/uploads\/2021\/06\/Zepeda-Family-rotated.jpg 1920w\" sizes=\"auto, (max-width: 768px) 100vw, 768px\" \/><\/figure>\n\n\n\n<p>Miguel y Diana se conocieron en la escuela, en sexto grado, con apenas 11 a\u00f1os de edad. Ambos creciendo en familias s\u00f3lidas, simpatizantes con el cristianismo, pero no practicantes. Fueron buenos compa\u00f1eros de clase, pero luego del bachillerato perdieron contacto.<\/p>\n\n\n\n<p>Miguel comenz\u00f3 a gozar de mucho \u00e9xito en el \u00e1mbito acad\u00e9mico y laboral, pero un vac\u00edo en su coraz\u00f3n se hac\u00eda cada vez m\u00e1s ruidoso. Gracias a que unos amigos lo invitaron a estudiar la biblia y por medio de una obra teatral de la iglesia donde hoy se congrega, \u00e9l se<br>vio confrontado con su necesidad de una relaci\u00f3n con Jes\u00fas, reconoci\u00e9ndolo como Dios y Salvador en febrero del 2012.<\/p>\n\n\n\n<p>Por su lado, Diana tambi\u00e9n disfrutaba de una carrera exitosa, pero que la manten\u00eda muy lejos de casa, lo cual le devel\u00f3 una necesidad espiritual insatisfecha. Fue as\u00ed que desde el 2015 inici\u00f3 su b\u00fasqueda intencional de una conexi\u00f3n genuina con Dios, y en el proceso encontr\u00f3 amistades que la invitaron a participar en eventos cristianos y en un grupo de j\u00f3venes, que Diana acept\u00f3 y en el que se reencontr\u00f3 con Miguel.<\/p>\n\n\n\n<p>Este nuevo encuentro dio paso a entablar una nueva y fresca amistad, y pronto Miguel se convirti\u00f3 en un gu\u00eda espiritual para Diana. Fue en ese proceso que ella se encontr\u00f3 con Jes\u00fas, a quien hizo su Se\u00f1or y Salvador en el 2016.<\/p>\n\n\n\n<p>M\u00e1s tarde en el 2017 iniciaron una relaci\u00f3n de noviazgo, y descubriendo un llamado y proyecto de vida conjunto, dieron el \u201cs\u00ed\u201d ante los ojos de Dios como esposos en febrero del 2020.<\/p>\n\n\n\n<p>En febrero de 2021, despu\u00e9s de un servicio en la iglesia, un amigo y pastor de la congregaci\u00f3n los present\u00f3 con Erika Barlow, qui\u00e9n les habl\u00f3 acerca de Healing Love Ministries. Miguel y Diana quienes estaban convencidos que no ten\u00edan vocaci\u00f3n ni tiempo para la paternidad, fueron fuertemente conmovidos por Dios, primero de forma individual y luego en pareja.<\/p>\n\n\n\n<p>El llamado de Dios para ser padres de hogares temporales era claro e innegable, por lo que aceptaron convertirse en una familia de Healing Love Ministeries y actualmente se encuentran en el proceso de formaci\u00f3n requerido por las instancias gubernamentales de El Salvador.<\/p>\n\n\n\n<h2 class=\"wp-block-heading\"><br>La Familia Lopez<\/h2>\n\n\n\n<figure class=\"wp-block-image size-large\"><img loading=\"lazy\" decoding=\"async\" width=\"1024\" height=\"768\" src=\"https:\/\/healingloveministries.com\/wp-content\/uploads\/2024\/08\/lopez_family-1024x768.jpg\" alt=\"\" class=\"wp-image-372\" srcset=\"https:\/\/healingloveministries.com\/wp-content\/uploads\/2024\/08\/lopez_family-1024x768.jpg 1024w, https:\/\/healingloveministries.com\/wp-content\/uploads\/2024\/08\/lopez_family-300x225.jpg 300w, https:\/\/healingloveministries.com\/wp-content\/uploads\/2024\/08\/lopez_family-768x576.jpg 768w, https:\/\/healingloveministries.com\/wp-content\/uploads\/2024\/08\/lopez_family-1536x1152.jpg 1536w, https:\/\/healingloveministries.com\/wp-content\/uploads\/2024\/08\/lopez_family-2048x1536.jpg 2048w, https:\/\/healingloveministries.com\/wp-content\/uploads\/2024\/08\/lopez_family-1200x900.jpg 1200w, https:\/\/healingloveministries.com\/wp-content\/uploads\/2024\/08\/lopez_family-1980x1485.jpg 1980w\" sizes=\"auto, (max-width: 1024px) 100vw, 1024px\" \/><\/figure>\n\n\n\n<p>Doris creci\u00f3 en un hogar cristiano y su familia estaba involucrada en el ministerio de evangelismo. A trav\u00e9s de devocionales familiares cuando era adolescente, entreg\u00f3 su vida y se bautiz\u00f3 en 2001. Continu\u00f3 caminando con el Se\u00f1or y se involucr\u00f3 en el ministerio de ni\u00f1os y la evangelizaci\u00f3n en 2005. Cuando lleg\u00f3 a la Universidad, asisti\u00f3 a estudios b\u00edblicos en el campus y a un grupo de j\u00f3venes en la iglesia. Fue aqu\u00ed donde conoci\u00f3 a Mario, quien tambi\u00e9n se cri\u00f3 en un hogar cristiano. Mario tambi\u00e9n lleg\u00f3 a conocer al Se\u00f1or cuando era adolescente y sigui\u00f3 creciendo en su fe mientras asist\u00eda al grupo de j\u00f3venes y finalmente lo dirig\u00eda. Mario y Doris se casaron en 2018 y con este nuevo cap\u00edtulo en la vida comenzaron a asistir a grupos matrimoniales. En 2020 dieron la bienvenida a su hijo Mario Andre a su familia y ahora tiene 4 a\u00f1os. Tener un beb\u00e9 durante la pandemia fue un desaf\u00edo, pero Dios fue fiel a trav\u00e9s de todo. <\/p>\n\n\n\n<p>Los conocimos en febrero de 2023 y expresaron su deseo de convertirse en padres temporales, por lo que entregaron todos sus documentos al gobierno y pasaron por su programa de capacitaci\u00f3n hasta convertirse en padres adoptivos certificados. En febrero de 2024 dieron la bienvenida a su hogar a un beb\u00e9 de 4 meses al que han amado como si fuera suyo desde entonces. Ahora tiene 7 meses. Recibe amor y atenci\u00f3n uno a uno y ahora se esfuerza en su desarrollo, gateando por todos lados e intentando seguirle el ritmo a Mario Andre.<\/p>\n\n\n\n<h2 class=\"wp-block-heading\">La Familia Figueroa<\/h2>\n\n\n\n<figure class=\"wp-block-image size-large\"><img loading=\"lazy\" decoding=\"async\" width=\"767\" height=\"1024\" src=\"https:\/\/healingloveministries.com\/wp-content\/uploads\/2025\/11\/Figueroa_Family-767x1024.png\" alt=\"\" class=\"wp-image-430\" srcset=\"https:\/\/healingloveministries.com\/wp-content\/uploads\/2025\/11\/Figueroa_Family-767x1024.png 767w, https:\/\/healingloveministries.com\/wp-content\/uploads\/2025\/11\/Figueroa_Family-225x300.png 225w, https:\/\/healingloveministries.com\/wp-content\/uploads\/2025\/11\/Figueroa_Family-768x1025.png 768w, https:\/\/healingloveministries.com\/wp-content\/uploads\/2025\/11\/Figueroa_Family.png 959w\" sizes=\"auto, (max-width: 767px) 100vw, 767px\" \/><\/figure>\n\n\n\n<p>Patty asist\u00eda a la iglesia a los 8 a\u00f1os, pero cuando sus padres se divorciaron, se sinti\u00f3 abandonada y busc\u00f3 a Dios como su Padre. En un campamento juvenil, entreg\u00f3 su vida al Se\u00f1or y se comprometi\u00f3 a servirle. Desde entonces, ha completado programas de discipulado y actualmente toma cursos de consejer\u00eda b\u00edblica en la universidad. Luis tambi\u00e9n fue llevado a la iglesia por su madre de ni\u00f1o, pero al llegar a la adolescencia se dio cuenta de que era un &#8220;cristiano dominical&#8221;. Su l\u00edder de alabanza lo confront\u00f3, quien no solo le ense\u00f1\u00f3 m\u00fasica, sino que tambi\u00e9n lo discipul\u00f3, y a los 17 a\u00f1os entreg\u00f3 su vida a Jes\u00fas. En 2010 conoci\u00f3 a Patty en un retiro juvenil y su compromiso con el Se\u00f1or le dio la seguridad de que ella era con quien pasar\u00eda el resto de su vida. Durante muchos a\u00f1os han servido juntos en el ministerio juvenil y recientemente se mudaron al norte de la capital, donde planean continuar sirviendo. Han recibido en su hogar a una ni\u00f1a reci\u00e9n nacida y les estamos ayudando con sus visitas m\u00e9dicas. Patty y yo sabemos por experiencia lo valioso que es conocer a Dios desde la infancia. Por eso queremos ser padres de acogida: para darles la oportunidad de conocer el amor de Cristo desde peque\u00f1os. &#8212; Luis Figueroa<\/p>\n\n\n\n<h2 class=\"wp-block-heading\">La Familia Garcia<\/h2>\n\n\n\n<figure class=\"wp-block-image size-full\"><img loading=\"lazy\" decoding=\"async\" width=\"615\" height=\"719\" src=\"https:\/\/healingloveministries.com\/wp-content\/uploads\/2025\/11\/Garcia_Family.png\" alt=\"\" class=\"wp-image-429\" srcset=\"https:\/\/healingloveministries.com\/wp-content\/uploads\/2025\/11\/Garcia_Family.png 615w, https:\/\/healingloveministries.com\/wp-content\/uploads\/2025\/11\/Garcia_Family-257x300.png 257w\" sizes=\"auto, (max-width: 615px) 100vw, 615px\" \/><\/figure>\n\n\n\n<p>Rafael creci\u00f3 en un hogar cristiano y su familia siempre lo guiaba hacia Cristo. Sin embargo, fue durante su \u00faltimo a\u00f1o de secundaria, en un devocional de Pascua, que reconoci\u00f3 su necesidad de un salvador y entreg\u00f3 su vida a Cristo. M\u00f3nica fue profundamente influenciada por el testimonio de fe de su madre desde ni\u00f1a. Conoci\u00f3 a Rafael y, al casarse, buscaron un lugar para crecer en su relaci\u00f3n con el Se\u00f1or. En 2021, fundaron la Iglesia Vida Nueva y participaron en su programa de discipulado CRECE, donde ahora sirven activamente. Recientemente descubrieron que M\u00f3nica est\u00e1 embarazada y que dar\u00e1n la bienvenida a su primer beb\u00e9 biol\u00f3gico en enero de 2026. Esperar\u00e1n la llegada de su beb\u00e9 para abrir su hogar a un ni\u00f1o vulnerable.<\/p>\n","protected":false},"excerpt":{"rendered":"<p>La Familia Zepeda Miguel y Diana se conocieron en la escuela, en sexto grado, con apenas 11 a\u00f1os de edad. Ambos creciendo en familias s\u00f3lidas, simpatizantes con el cristianismo, pero no practicantes. Fueron buenos compa\u00f1eros de clase, pero luego del bachillerato perdieron contacto. Miguel comenz\u00f3 a gozar de mucho \u00e9xito en el \u00e1mbito acad\u00e9mico y [&hellip;]<\/p>\n","protected":false},"author":1,"featured_media":0,"parent":0,"menu_order":0,"comment_status":"closed","ping_status":"closed","template":"","meta":{"footnotes":""},"class_list":["post-237","page","type-page","status-publish","hentry"],"_links":{"self":[{"href":"https:\/\/healingloveministries.com\/index.php\/wp-json\/wp\/v2\/pages\/237","targetHints":{"allow":["GET"]}}],"collection":[{"href":"https:\/\/healingloveministries.com\/index.php\/wp-json\/wp\/v2\/pages"}],"about":[{"href":"https:\/\/healingloveministries.com\/index.php\/wp-json\/wp\/v2\/types\/page"}],"author":[{"embeddable":true,"href":"https:\/\/healingloveministries.com\/index.php\/wp-json\/wp\/v2\/users\/1"}],"replies":[{"embeddable":true,"href":"https:\/\/healingloveministries.com\/index.php\/wp-json\/wp\/v2\/comments?post=237"}],"version-history":[{"count":5,"href":"https:\/\/healingloveministries.com\/index.php\/wp-json\/wp\/v2\/pages\/237\/revisions"}],"predecessor-version":[{"id":444,"href":"https:\/\/healingloveministries.com\/index.php\/wp-json\/wp\/v2\/pages\/237\/revisions\/444"}],"wp:attachment":[{"href":"https:\/\/healingloveministries.com\/index.php\/wp-json\/wp\/v2\/media?parent=237"}],"curies":[{"name":"wp","href":"https:\/\/api.w.org\/{rel}","templated":true}]}}