{"id":59,"date":"2020-12-10T17:40:56","date_gmt":"2020-12-10T17:40:56","guid":{"rendered":"http:\/\/healingloveministries.com.willowbrooksecurity.com\/?page_id=59"},"modified":"2021-01-17T23:05:03","modified_gmt":"2021-01-17T23:05:03","slug":"nuestra-historia","status":"publish","type":"page","link":"https:\/\/healingloveministries.com\/index.php\/nuestra-historia\/","title":{"rendered":"Nuestra Historia"},"content":{"rendered":"\n<p><\/p>\n\n\n\n<figure class=\"wp-block-image size-large\"><img loading=\"lazy\" decoding=\"async\" width=\"1024\" height=\"683\" src=\"https:\/\/healingloveministries.com.willowbrooksecurity.com\/wp-content\/uploads\/2021\/01\/whole_family_in_front_of_river_facing_towards_camera-1024x683.jpg\" alt=\"\" class=\"wp-image-188\" srcset=\"https:\/\/healingloveministries.com\/wp-content\/uploads\/2021\/01\/whole_family_in_front_of_river_facing_towards_camera-1024x683.jpg 1024w, https:\/\/healingloveministries.com\/wp-content\/uploads\/2021\/01\/whole_family_in_front_of_river_facing_towards_camera-300x200.jpg 300w, https:\/\/healingloveministries.com\/wp-content\/uploads\/2021\/01\/whole_family_in_front_of_river_facing_towards_camera-768x512.jpg 768w, https:\/\/healingloveministries.com\/wp-content\/uploads\/2021\/01\/whole_family_in_front_of_river_facing_towards_camera-1536x1024.jpg 1536w, https:\/\/healingloveministries.com\/wp-content\/uploads\/2021\/01\/whole_family_in_front_of_river_facing_towards_camera-2048x1365.jpg 2048w, https:\/\/healingloveministries.com\/wp-content\/uploads\/2021\/01\/whole_family_in_front_of_river_facing_towards_camera-1200x800.jpg 1200w, https:\/\/healingloveministries.com\/wp-content\/uploads\/2021\/01\/whole_family_in_front_of_river_facing_towards_camera-1980x1320.jpg 1980w\" sizes=\"auto, (max-width: 1024px) 100vw, 1024px\" \/><\/figure>\n\n\n\n<p>Los Barlow son una pareja que se siente profundamente llamados para ayudar a los ni\u00f1os que han sido abusados y abandonados en El Salvador. Trevor es originalmente de Madison, Wisconsin y entreg\u00f3 su vida a Jes\u00fas a la edad de 25 a\u00f1os. Jes\u00fas transform\u00f3 una vida llena de alcohol, drogas y vac\u00edo en un siervo del Dios Viviente. Despu\u00e9s de crecer en su relaci\u00f3n y conocimiento del Se\u00f1or Jesus, Trevor fue enviado a El Salvador como parte de un programa de entrenamiento misionero en 2010. En su octavo d\u00eda en El Salvador, se cort\u00f3 su tend\u00f3n bajo su rodilla y fue a trav\u00e9s de esta lesi\u00f3n que conoci\u00f3 a su esposa salvadore\u00f1a Erika. Ella fue criada en la iglesia y conoci\u00f3 al Se\u00f1or en su adolescencia. Ella sirvi\u00f3 al Se\u00f1or en el ministerio de ni\u00f1os en iglesias filiales en las \u00e1reas rurales de El Salvador. Se casaron en diciembre de 2010 y ahora son padres de Theophilus, Esther y Levi.<\/p>\n\n\n\n<p>Durante los \u00faltimos seis a\u00f1os han tenido la oportunidad de ministrar y aprender en varios orfanatos en El Salvador. El trauma y heridas causadas &nbsp;debido a un abuso o abandono a temprana edad, causa estragos en el coraz\u00f3n de estos ni\u00f1os &nbsp;y &nbsp;el dolor es abrumador. S\u00f3lo el amor sanador de Jes\u00fas puede cerrar esas heridas. Hemos reconocido la importancia del discipulado b\u00edblico y la estructura familiar en el proceso de sanci\u00f3n de estos ni\u00f1os. Estamos agradecidos con el Se\u00f1or por permitirnos ser instrumentos para proveer de estos dos a la ni\u00f1ez salvadore\u00f1a.<\/p>\n","protected":false},"excerpt":{"rendered":"<p>Los Barlow son una pareja que se siente profundamente llamados para ayudar a los ni\u00f1os que han sido abusados y abandonados en El Salvador. Trevor es originalmente de Madison, Wisconsin y entreg\u00f3 su vida a Jes\u00fas a la edad de 25 a\u00f1os. Jes\u00fas transform\u00f3 una vida llena de alcohol, drogas y vac\u00edo en un siervo [&hellip;]<\/p>\n","protected":false},"author":1,"featured_media":0,"parent":0,"menu_order":0,"comment_status":"closed","ping_status":"closed","template":"","meta":{"footnotes":""},"class_list":["post-59","page","type-page","status-publish","hentry"],"_links":{"self":[{"href":"https:\/\/healingloveministries.com\/index.php\/wp-json\/wp\/v2\/pages\/59","targetHints":{"allow":["GET"]}}],"collection":[{"href":"https:\/\/healingloveministries.com\/index.php\/wp-json\/wp\/v2\/pages"}],"about":[{"href":"https:\/\/healingloveministries.com\/index.php\/wp-json\/wp\/v2\/types\/page"}],"author":[{"embeddable":true,"href":"https:\/\/healingloveministries.com\/index.php\/wp-json\/wp\/v2\/users\/1"}],"replies":[{"embeddable":true,"href":"https:\/\/healingloveministries.com\/index.php\/wp-json\/wp\/v2\/comments?post=59"}],"version-history":[{"count":0,"href":"https:\/\/healingloveministries.com\/index.php\/wp-json\/wp\/v2\/pages\/59\/revisions"}],"wp:attachment":[{"href":"https:\/\/healingloveministries.com\/index.php\/wp-json\/wp\/v2\/media?parent=59"}],"curies":[{"name":"wp","href":"https:\/\/api.w.org\/{rel}","templated":true}]}}