{"id":62,"date":"2020-12-10T17:42:01","date_gmt":"2020-12-10T17:42:01","guid":{"rendered":"http:\/\/healingloveministries.com.willowbrooksecurity.com\/?page_id=62"},"modified":"2020-12-10T17:42:01","modified_gmt":"2020-12-10T17:42:01","slug":"nuestras-creencias","status":"publish","type":"page","link":"https:\/\/healingloveministries.com\/index.php\/nuestras-creencias\/","title":{"rendered":"Nuestras Creencias"},"content":{"rendered":"\n<ol class=\"wp-block-list\"><li>Creemos que la Biblia del G\u00e9nesis al Apocalipsis es la palabra inspirada e infalible de Dios. (Gen 1 &amp; 2; 2Tim 3:16; + la Biblia entera)<\/li><li>Creemos en lo que se conoce como &#8220;La Trinidad.&#8221;&nbsp;Es decir, que hay un Dios con tres personas \u00fanicas: Padre, Hijo y Esp\u00edritu Santo. (G\u00e9nesis 1:26, Juan 1: 1; 5; 18; Juan 10:38; Juan 14: 16-26; 1 Timoteo 2: 5)<\/li><li>Creemos que Dios vino como carne humana a esta tierra. Que en la segunda persona de la &#8220;trinidad&#8221; (el Hijo) naci\u00f3 de una virgen, fue nombrado Jes\u00fas y vivi\u00f3 una vida perfecta como un hombre real y fue crucificado en una cruz de madera y estuvo muerto por 3 d\u00edas. Luego se levant\u00f3 f\u00edsicamente de los muertos al tercer d\u00eda y luego ascendi\u00f3 al cielo d\u00edas despu\u00e9s. Al hacer esto todos los que miran a Jesucristo y lo que \u00c9l hizo en la cruz y pusieron su fe \/ confianza en \u00c9l y Su obra, ellos ser\u00e1n salvos y sus pecados perdonados. (Juan 1: 1, 14, Juan 3:16, Mateo 1:18, 1 Corinto 15, Heb 2: 14,15)<\/li><li>Creemos que la \u00fanica manera que una persona puede ser salva es creyendo en el evangelio de Jesucristo, entregando su vida y depositando su fe en \u00c9l (Jes\u00fas), recibiendo el Esp\u00edritu Santo para vivir dentro de ellos naciendo de nuevo y convirti\u00e9ndose en una nueva criatura . (Juan 3: 1-21 14: 16-26)<\/li><li>Creemos que Jes\u00fas subi\u00f3 al cielo y que un d\u00eda regresar\u00e1. (Hechos 1: 9-11)<\/li><\/ol>\n","protected":false},"excerpt":{"rendered":"<p>Creemos que la Biblia del G\u00e9nesis al Apocalipsis es la palabra inspirada e infalible de Dios. (Gen 1 &amp; 2; 2Tim 3:16; + la Biblia entera) Creemos en lo que se conoce como &#8220;La Trinidad.&#8221;&nbsp;Es decir, que hay un Dios con tres personas \u00fanicas: Padre, Hijo y Esp\u00edritu Santo. (G\u00e9nesis 1:26, Juan 1: 1; 5; [&hellip;]<\/p>\n","protected":false},"author":1,"featured_media":0,"parent":0,"menu_order":0,"comment_status":"closed","ping_status":"closed","template":"","meta":{"footnotes":""},"class_list":["post-62","page","type-page","status-publish","hentry"],"_links":{"self":[{"href":"https:\/\/healingloveministries.com\/index.php\/wp-json\/wp\/v2\/pages\/62","targetHints":{"allow":["GET"]}}],"collection":[{"href":"https:\/\/healingloveministries.com\/index.php\/wp-json\/wp\/v2\/pages"}],"about":[{"href":"https:\/\/healingloveministries.com\/index.php\/wp-json\/wp\/v2\/types\/page"}],"author":[{"embeddable":true,"href":"https:\/\/healingloveministries.com\/index.php\/wp-json\/wp\/v2\/users\/1"}],"replies":[{"embeddable":true,"href":"https:\/\/healingloveministries.com\/index.php\/wp-json\/wp\/v2\/comments?post=62"}],"version-history":[{"count":0,"href":"https:\/\/healingloveministries.com\/index.php\/wp-json\/wp\/v2\/pages\/62\/revisions"}],"wp:attachment":[{"href":"https:\/\/healingloveministries.com\/index.php\/wp-json\/wp\/v2\/media?parent=62"}],"curies":[{"name":"wp","href":"https:\/\/api.w.org\/{rel}","templated":true}]}}